{"id":897,"date":"2022-12-16T01:22:18","date_gmt":"2022-12-16T01:22:18","guid":{"rendered":"https:\/\/qslconcept.com\/ch\/?page_id=897"},"modified":"2023-04-09T20:41:00","modified_gmt":"2023-04-09T20:41:00","slug":"accueil","status":"publish","type":"page","link":"https:\/\/qslconcept.com\/ch\/accueil\/?lang=fr","title":{"rendered":"Accueil"},"content":{"rendered":"\t\t<div data-elementor-type=\"wp-page\" data-elementor-id=\"897\" class=\"elementor elementor-897 elementor-12\">\n\t\t\t\t\t\t<section class=\"elementor-section elementor-top-section elementor-element elementor-element-a0e47bc elementor-section-boxed elementor-section-height-default elementor-section-height-default\" data-id=\"a0e47bc\" data-element_type=\"section\">\n\t\t\t\t\t\t<div class=\"elementor-container elementor-column-gap-default\">\n\t\t\t\t\t<div class=\"elementor-column elementor-col-100 elementor-top-column elementor-element elementor-element-06a9157\" data-id=\"06a9157\" data-element_type=\"column\">\n\t\t\t<div class=\"elementor-widget-wrap elementor-element-populated\">\n\t\t\t\t\t\t<div class=\"elementor-element elementor-element-bebfa13 elementor-widget elementor-widget-image\" data-id=\"bebfa13\" data-element_type=\"widget\" data-widget_type=\"image.default\">\n\t\t\t\t<div class=\"elementor-widget-container\">\n\t\t\t\t\t\t\t\t\t\t\t\t\t\t\t<img fetchpriority=\"high\" decoding=\"async\" width=\"2222\" height=\"537\" src=\"https:\/\/qslconcept.com\/ch\/wp-content\/uploads\/2021\/02\/2102HeaderHomeCH-2.jpg\" class=\"attachment-full size-full wp-image-118\" alt=\"Cartes QSL Suisse\" srcset=\"https:\/\/qslconcept.com\/ch\/wp-content\/uploads\/2021\/02\/2102HeaderHomeCH-2.jpg 2222w, https:\/\/qslconcept.com\/ch\/wp-content\/uploads\/2021\/02\/2102HeaderHomeCH-2-300x73.jpg 300w, https:\/\/qslconcept.com\/ch\/wp-content\/uploads\/2021\/02\/2102HeaderHomeCH-2-1024x247.jpg 1024w, https:\/\/qslconcept.com\/ch\/wp-content\/uploads\/2021\/02\/2102HeaderHomeCH-2-768x186.jpg 768w, https:\/\/qslconcept.com\/ch\/wp-content\/uploads\/2021\/02\/2102HeaderHomeCH-2-1536x371.jpg 1536w, https:\/\/qslconcept.com\/ch\/wp-content\/uploads\/2021\/02\/2102HeaderHomeCH-2-2048x495.jpg 2048w, https:\/\/qslconcept.com\/ch\/wp-content\/uploads\/2021\/02\/2102HeaderHomeCH-2-16x4.jpg 16w, https:\/\/qslconcept.com\/ch\/wp-content\/uploads\/2021\/02\/2102HeaderHomeCH-2-830x201.jpg 830w, https:\/\/qslconcept.com\/ch\/wp-content\/uploads\/2021\/02\/2102HeaderHomeCH-2-230x56.jpg 230w, https:\/\/qslconcept.com\/ch\/wp-content\/uploads\/2021\/02\/2102HeaderHomeCH-2-350x85.jpg 350w, https:\/\/qslconcept.com\/ch\/wp-content\/uploads\/2021\/02\/2102HeaderHomeCH-2-480x116.jpg 480w, https:\/\/qslconcept.com\/ch\/wp-content\/uploads\/2021\/02\/2102HeaderHomeCH-2-600x145.jpg 600w\" sizes=\"(max-width: 2222px) 100vw, 2222px\" \/>\t\t\t\t\t\t\t\t\t\t\t\t\t\t\t<\/div>\n\t\t\t\t<\/div>\n\t\t\t\t<section class=\"elementor-section elementor-inner-section elementor-element elementor-element-8238c15 elementor-section-full_width elementor-section-height-default elementor-section-height-default\" data-id=\"8238c15\" data-element_type=\"section\" data-settings=\"{&quot;background_background&quot;:&quot;classic&quot;}\">\n\t\t\t\t\t\t<div class=\"elementor-container elementor-column-gap-default\">\n\t\t\t\t\t<div class=\"elementor-column elementor-col-33 elementor-inner-column elementor-element elementor-element-d30e407\" data-id=\"d30e407\" data-element_type=\"column\">\n\t\t\t<div class=\"elementor-widget-wrap elementor-element-populated\">\n\t\t\t\t\t\t<div class=\"elementor-element elementor-element-baf2671 elementor-view-stacked elementor-shape-circle elementor-widget elementor-widget-icon\" data-id=\"baf2671\" data-element_type=\"widget\" data-widget_type=\"icon.default\">\n\t\t\t\t<div class=\"elementor-widget-container\">\n\t\t\t\t\t\t\t<div class=\"elementor-icon-wrapper\">\n\t\t\t<div class=\"elementor-icon\">\n\t\t\t<i aria-hidden=\"true\" class=\"fas fa-pencil-alt\"><\/i>\t\t\t<\/div>\n\t\t<\/div>\n\t\t\t\t\t\t<\/div>\n\t\t\t\t<\/div>\n\t\t\t\t<div class=\"elementor-element elementor-element-9afc148 elementor-widget elementor-widget-text-editor\" data-id=\"9afc148\" data-element_type=\"widget\" data-widget_type=\"text-editor.default\">\n\t\t\t\t<div class=\"elementor-widget-container\">\n\t\t\t\t\t\t\t\t\t<p><span style=\"color: #ffffff;\">FREE LAYOUT DESIGN<\/span><\/p>\t\t\t\t\t\t\t\t<\/div>\n\t\t\t\t<\/div>\n\t\t\t\t\t<\/div>\n\t\t<\/div>\n\t\t\t\t<div class=\"elementor-column elementor-col-33 elementor-inner-column elementor-element elementor-element-936cb6a\" data-id=\"936cb6a\" data-element_type=\"column\">\n\t\t\t<div class=\"elementor-widget-wrap elementor-element-populated\">\n\t\t\t\t\t\t<div class=\"elementor-element elementor-element-a7973da elementor-view-stacked elementor-shape-circle elementor-widget elementor-widget-icon\" data-id=\"a7973da\" data-element_type=\"widget\" data-widget_type=\"icon.default\">\n\t\t\t\t<div class=\"elementor-widget-container\">\n\t\t\t\t\t\t\t<div class=\"elementor-icon-wrapper\">\n\t\t\t<div class=\"elementor-icon\">\n\t\t\t<i aria-hidden=\"true\" class=\"fas fa-truck\"><\/i>\t\t\t<\/div>\n\t\t<\/div>\n\t\t\t\t\t\t<\/div>\n\t\t\t\t<\/div>\n\t\t\t\t<div class=\"elementor-element elementor-element-573c065 elementor-widget elementor-widget-text-editor\" data-id=\"573c065\" data-element_type=\"widget\" data-widget_type=\"text-editor.default\">\n\t\t\t\t<div class=\"elementor-widget-container\">\n\t\t\t\t\t\t\t\t\t<p><span style=\"color: #ffffff;\">FREE SHIPPING<\/span><\/p>\t\t\t\t\t\t\t\t<\/div>\n\t\t\t\t<\/div>\n\t\t\t\t\t<\/div>\n\t\t<\/div>\n\t\t\t\t<div class=\"elementor-column elementor-col-33 elementor-inner-column elementor-element elementor-element-1375405\" data-id=\"1375405\" data-element_type=\"column\">\n\t\t\t<div class=\"elementor-widget-wrap elementor-element-populated\">\n\t\t\t\t\t\t<div class=\"elementor-element elementor-element-072356f elementor-view-stacked elementor-shape-circle elementor-widget elementor-widget-icon\" data-id=\"072356f\" data-element_type=\"widget\" data-widget_type=\"icon.default\">\n\t\t\t\t<div class=\"elementor-widget-container\">\n\t\t\t\t\t\t\t<div class=\"elementor-icon-wrapper\">\n\t\t\t<div class=\"elementor-icon\">\n\t\t\t<i aria-hidden=\"true\" class=\"fas fa-check\"><\/i>\t\t\t<\/div>\n\t\t<\/div>\n\t\t\t\t\t\t<\/div>\n\t\t\t\t<\/div>\n\t\t\t\t<div class=\"elementor-element elementor-element-c0ab921 elementor-widget elementor-widget-text-editor\" data-id=\"c0ab921\" data-element_type=\"widget\" data-widget_type=\"text-editor.default\">\n\t\t\t\t<div class=\"elementor-widget-container\">\n\t\t\t\t\t\t\t\t\t<p><span style=\"color: #ffffff;\">FREE FILE CHECK<\/span><\/p>\t\t\t\t\t\t\t\t<\/div>\n\t\t\t\t<\/div>\n\t\t\t\t\t<\/div>\n\t\t<\/div>\n\t\t\t\t\t<\/div>\n\t\t<\/section>\n\t\t\t\t\t<\/div>\n\t\t<\/div>\n\t\t\t\t\t<\/div>\n\t\t<\/section>\n\t\t\t\t<section class=\"elementor-section elementor-top-section elementor-element elementor-element-95908c0 elementor-section-boxed elementor-section-height-default elementor-section-height-default\" data-id=\"95908c0\" data-element_type=\"section\">\n\t\t\t\t\t\t<div class=\"elementor-container elementor-column-gap-default\">\n\t\t\t\t\t<div class=\"elementor-column elementor-col-100 elementor-top-column elementor-element elementor-element-c415792\" data-id=\"c415792\" data-element_type=\"column\">\n\t\t\t<div class=\"elementor-widget-wrap elementor-element-populated\">\n\t\t\t\t\t\t<div class=\"elementor-element elementor-element-80c2d9a elementor-widget elementor-widget-text-editor\" data-id=\"80c2d9a\" data-element_type=\"widget\" data-widget_type=\"text-editor.default\">\n\t\t\t\t<div class=\"elementor-widget-container\">\n\t\t\t\t\t\t\t\t\t<h6 style=\"text-align: center;\">COVID-19: QSL Concept cares and continues to remain operational in Switzerland, in Liechtenstein, and around the world<\/h6>\t\t\t\t\t\t\t\t<\/div>\n\t\t\t\t<\/div>\n\t\t\t\t<div class=\"elementor-element elementor-element-e7a4ad5 elementor-widget-divider--view-line_text elementor-widget-divider--element-align-center elementor-widget elementor-widget-divider\" data-id=\"e7a4ad5\" data-element_type=\"widget\" data-widget_type=\"divider.default\">\n\t\t\t\t<div class=\"elementor-widget-container\">\n\t\t\t\t\t\t\t<div class=\"elementor-divider\">\n\t\t\t<span class=\"elementor-divider-separator\">\n\t\t\t\t\t\t\t<span class=\"elementor-divider__text elementor-divider__element\">\n\t\t\t\tPRODUCTS\t\t\t\t<\/span>\n\t\t\t\t\t\t<\/span>\n\t\t<\/div>\n\t\t\t\t\t\t<\/div>\n\t\t\t\t<\/div>\n\t\t\t\t\t<\/div>\n\t\t<\/div>\n\t\t\t\t\t<\/div>\n\t\t<\/section>\n\t\t\t\t<section class=\"elementor-section elementor-top-section elementor-element elementor-element-1362e4d elementor-section-boxed elementor-section-height-default elementor-section-height-default\" data-id=\"1362e4d\" data-element_type=\"section\">\n\t\t\t\t\t\t<div class=\"elementor-container elementor-column-gap-default\">\n\t\t\t\t\t<div class=\"elementor-column elementor-col-100 elementor-top-column elementor-element elementor-element-7bff1a7\" data-id=\"7bff1a7\" data-element_type=\"column\">\n\t\t\t<div class=\"elementor-widget-wrap elementor-element-populated\">\n\t\t\t\t\t\t<section class=\"elementor-section elementor-inner-section elementor-element elementor-element-e270e11 elementor-section-boxed elementor-section-height-default elementor-section-height-default\" data-id=\"e270e11\" data-element_type=\"section\">\n\t\t\t\t\t\t<div class=\"elementor-container elementor-column-gap-default\">\n\t\t\t\t\t<div class=\"elementor-column elementor-col-25 elementor-inner-column elementor-element elementor-element-12871b1\" data-id=\"12871b1\" data-element_type=\"column\">\n\t\t\t<div class=\"elementor-widget-wrap elementor-element-populated\">\n\t\t\t\t\t\t<div class=\"elementor-element elementor-element-b1aa4c7 elementor-widget elementor-widget-image\" data-id=\"b1aa4c7\" data-element_type=\"widget\" data-widget_type=\"image.default\">\n\t\t\t\t<div class=\"elementor-widget-container\">\n\t\t\t\t\t\t\t\t\t\t\t\t\t\t\t\t<a href=\"https:\/\/qslconcept.com\/ch\/customdesignedqslcards\/\">\n\t\t\t\t\t\t\t<img decoding=\"async\" width=\"813\" height=\"541\" src=\"https:\/\/qslconcept.com\/ch\/wp-content\/uploads\/2021\/02\/2101QSLCardsHome.jpg\" class=\"attachment-full size-full wp-image-47\" alt=\"\" srcset=\"https:\/\/qslconcept.com\/ch\/wp-content\/uploads\/2021\/02\/2101QSLCardsHome.jpg 813w, https:\/\/qslconcept.com\/ch\/wp-content\/uploads\/2021\/02\/2101QSLCardsHome-300x200.jpg 300w, https:\/\/qslconcept.com\/ch\/wp-content\/uploads\/2021\/02\/2101QSLCardsHome-768x511.jpg 768w, https:\/\/qslconcept.com\/ch\/wp-content\/uploads\/2021\/02\/2101QSLCardsHome-16x12.jpg 16w, https:\/\/qslconcept.com\/ch\/wp-content\/uploads\/2021\/02\/2101QSLCardsHome-230x153.jpg 230w, https:\/\/qslconcept.com\/ch\/wp-content\/uploads\/2021\/02\/2101QSLCardsHome-350x233.jpg 350w, https:\/\/qslconcept.com\/ch\/wp-content\/uploads\/2021\/02\/2101QSLCardsHome-480x319.jpg 480w, https:\/\/qslconcept.com\/ch\/wp-content\/uploads\/2021\/02\/2101QSLCardsHome-600x399.jpg 600w\" sizes=\"(max-width: 813px) 100vw, 813px\" \/>\t\t\t\t\t\t\t\t<\/a>\n\t\t\t\t\t\t\t\t\t\t\t\t\t\t\t<\/div>\n\t\t\t\t<\/div>\n\t\t\t\t<div class=\"elementor-element elementor-element-0ea3eeb elementor-widget elementor-widget-text-editor\" data-id=\"0ea3eeb\" data-element_type=\"widget\" data-widget_type=\"text-editor.default\">\n\t\t\t\t<div class=\"elementor-widget-container\">\n\t\t\t\t\t\t\t\t\t<p style=\"text-align: center;\"><a href=\"customdesignedqslcards\/\"><b>CARTES QSL<\/b><\/a><\/p>\n<p style=\"text-align: center;\"><span style=\"background-color: transparent;\">Nous imprimons vos cartes QSL sur papier ECO 300g semi-rigide, ou sur papier PREMIUM rigide 275g, type carte postale. Toutes nos cartes sont 100% personalis\u00e9es, et imprim\u00e9es en Suisse.<\/span><\/p>\t\t\t\t\t\t\t\t<\/div>\n\t\t\t\t<\/div>\n\t\t\t\t\t<\/div>\n\t\t<\/div>\n\t\t\t\t<div class=\"elementor-column elementor-col-25 elementor-inner-column elementor-element elementor-element-49ca180\" data-id=\"49ca180\" data-element_type=\"column\">\n\t\t\t<div class=\"elementor-widget-wrap elementor-element-populated\">\n\t\t\t\t\t\t<div class=\"elementor-element elementor-element-afc13bb elementor-widget elementor-widget-image\" data-id=\"afc13bb\" data-element_type=\"widget\" data-widget_type=\"image.default\">\n\t\t\t\t<div class=\"elementor-widget-container\">\n\t\t\t\t\t\t\t\t\t\t\t\t\t\t\t\t<a href=\"https:\/\/qslconcept.com\/ch\/product\/eyeball-cards\/\">\n\t\t\t\t\t\t\t<img decoding=\"async\" width=\"813\" height=\"541\" src=\"https:\/\/qslconcept.com\/ch\/wp-content\/uploads\/2021\/02\/2101QSLEyeballsHome.jpg\" class=\"attachment-full size-full wp-image-49\" alt=\"\" srcset=\"https:\/\/qslconcept.com\/ch\/wp-content\/uploads\/2021\/02\/2101QSLEyeballsHome.jpg 813w, https:\/\/qslconcept.com\/ch\/wp-content\/uploads\/2021\/02\/2101QSLEyeballsHome-300x200.jpg 300w, https:\/\/qslconcept.com\/ch\/wp-content\/uploads\/2021\/02\/2101QSLEyeballsHome-768x511.jpg 768w, https:\/\/qslconcept.com\/ch\/wp-content\/uploads\/2021\/02\/2101QSLEyeballsHome-16x12.jpg 16w, https:\/\/qslconcept.com\/ch\/wp-content\/uploads\/2021\/02\/2101QSLEyeballsHome-230x153.jpg 230w, https:\/\/qslconcept.com\/ch\/wp-content\/uploads\/2021\/02\/2101QSLEyeballsHome-350x233.jpg 350w, https:\/\/qslconcept.com\/ch\/wp-content\/uploads\/2021\/02\/2101QSLEyeballsHome-480x319.jpg 480w, https:\/\/qslconcept.com\/ch\/wp-content\/uploads\/2021\/02\/2101QSLEyeballsHome-600x399.jpg 600w\" sizes=\"(max-width: 813px) 100vw, 813px\" \/>\t\t\t\t\t\t\t\t<\/a>\n\t\t\t\t\t\t\t\t\t\t\t\t\t\t\t<\/div>\n\t\t\t\t<\/div>\n\t\t\t\t<div class=\"elementor-element elementor-element-9c0d18d elementor-widget elementor-widget-text-editor\" data-id=\"9c0d18d\" data-element_type=\"widget\" data-widget_type=\"text-editor.default\">\n\t\t\t\t<div class=\"elementor-widget-container\">\n\t\t\t\t\t\t\t\t\t<p style=\"text-align: center;\"><a href=\"product\/eyeball-cards\/\"><b>CARTES EYEBALL<\/b><\/a><\/p>\n<p style=\"text-align: center;\"><a href=\"product\/eyeball-cards\/\"><span style=\"background-color: transparent;\">Votre carte QSL au format carte de visite. Une mani\u00e8re simple de communiquer vos information radio-amateur. Nous imprimons les cartes Eyeball  sur papier 400g mat, avec finition matte ou brillante.<\/span><\/a><\/p>\t\t\t\t\t\t\t\t<\/div>\n\t\t\t\t<\/div>\n\t\t\t\t\t<\/div>\n\t\t<\/div>\n\t\t\t\t<div class=\"elementor-column elementor-col-25 elementor-inner-column elementor-element elementor-element-c304d5a\" data-id=\"c304d5a\" data-element_type=\"column\">\n\t\t\t<div class=\"elementor-widget-wrap elementor-element-populated\">\n\t\t\t\t\t\t<div class=\"elementor-element elementor-element-4c5c74a elementor-widget elementor-widget-image\" data-id=\"4c5c74a\" data-element_type=\"widget\" data-widget_type=\"image.default\">\n\t\t\t\t<div class=\"elementor-widget-container\">\n\t\t\t\t\t\t\t\t\t\t\t\t\t\t\t\t<a href=\"https:\/\/qslconcept.com\/ch\/product-category\/moreitems\/\">\n\t\t\t\t\t\t\t<img loading=\"lazy\" decoding=\"async\" width=\"813\" height=\"541\" src=\"https:\/\/qslconcept.com\/ch\/wp-content\/uploads\/2021\/02\/2101OtherItemsHome.jpg\" class=\"attachment-full size-full wp-image-50\" alt=\"\" srcset=\"https:\/\/qslconcept.com\/ch\/wp-content\/uploads\/2021\/02\/2101OtherItemsHome.jpg 813w, https:\/\/qslconcept.com\/ch\/wp-content\/uploads\/2021\/02\/2101OtherItemsHome-300x200.jpg 300w, https:\/\/qslconcept.com\/ch\/wp-content\/uploads\/2021\/02\/2101OtherItemsHome-768x511.jpg 768w, https:\/\/qslconcept.com\/ch\/wp-content\/uploads\/2021\/02\/2101OtherItemsHome-16x12.jpg 16w, https:\/\/qslconcept.com\/ch\/wp-content\/uploads\/2021\/02\/2101OtherItemsHome-230x153.jpg 230w, https:\/\/qslconcept.com\/ch\/wp-content\/uploads\/2021\/02\/2101OtherItemsHome-350x233.jpg 350w, https:\/\/qslconcept.com\/ch\/wp-content\/uploads\/2021\/02\/2101OtherItemsHome-480x319.jpg 480w, https:\/\/qslconcept.com\/ch\/wp-content\/uploads\/2021\/02\/2101OtherItemsHome-600x399.jpg 600w\" sizes=\"(max-width: 813px) 100vw, 813px\" \/>\t\t\t\t\t\t\t\t<\/a>\n\t\t\t\t\t\t\t\t\t\t\t\t\t\t\t<\/div>\n\t\t\t\t<\/div>\n\t\t\t\t<div class=\"elementor-element elementor-element-4af7e45 elementor-widget elementor-widget-text-editor\" data-id=\"4af7e45\" data-element_type=\"widget\" data-widget_type=\"text-editor.default\">\n\t\t\t\t<div class=\"elementor-widget-container\">\n\t\t\t\t\t\t\t\t\t<p style=\"text-align: center;\"><a href=\"product-category\/moreitems\/\"><b>AUTRES PRODUITS<\/b><\/a><\/p>\n<p style=\"text-align: center;\"><span style=\"background-color: transparent;\"><a href=\"product\/hamfest-items\/\">Nous proposons toute une gamme de produits pour la promotion de vos salons radio, DXp\u00e9ditions, et tout \u00e9v\u00e9nement radio amateur ou autre. <\/a>. Commandez pour vos propres loisiris, votre club, votre association ou votre entreprise.<\/span><\/p>\t\t\t\t\t\t\t\t<\/div>\n\t\t\t\t<\/div>\n\t\t\t\t\t<\/div>\n\t\t<\/div>\n\t\t\t\t<div class=\"elementor-column elementor-col-25 elementor-inner-column elementor-element elementor-element-5b99f95\" data-id=\"5b99f95\" data-element_type=\"column\">\n\t\t\t<div class=\"elementor-widget-wrap elementor-element-populated\">\n\t\t\t\t\t\t<div class=\"elementor-element elementor-element-1eb657f elementor-widget elementor-widget-image\" data-id=\"1eb657f\" data-element_type=\"widget\" data-widget_type=\"image.default\">\n\t\t\t\t<div class=\"elementor-widget-container\">\n\t\t\t\t\t\t\t\t\t\t\t\t\t\t\t\t<a href=\"https:\/\/qslconcept.com\/ch\/product-category\/casquettes-personalisees\/\">\n\t\t\t\t\t\t\t<img loading=\"lazy\" decoding=\"async\" width=\"813\" height=\"541\" src=\"https:\/\/qslconcept.com\/ch\/wp-content\/uploads\/2021\/02\/2101GiftsHome.jpg\" class=\"attachment-full size-full wp-image-51\" alt=\"\" srcset=\"https:\/\/qslconcept.com\/ch\/wp-content\/uploads\/2021\/02\/2101GiftsHome.jpg 813w, https:\/\/qslconcept.com\/ch\/wp-content\/uploads\/2021\/02\/2101GiftsHome-300x200.jpg 300w, https:\/\/qslconcept.com\/ch\/wp-content\/uploads\/2021\/02\/2101GiftsHome-768x511.jpg 768w, https:\/\/qslconcept.com\/ch\/wp-content\/uploads\/2021\/02\/2101GiftsHome-16x12.jpg 16w, https:\/\/qslconcept.com\/ch\/wp-content\/uploads\/2021\/02\/2101GiftsHome-230x153.jpg 230w, https:\/\/qslconcept.com\/ch\/wp-content\/uploads\/2021\/02\/2101GiftsHome-350x233.jpg 350w, https:\/\/qslconcept.com\/ch\/wp-content\/uploads\/2021\/02\/2101GiftsHome-480x319.jpg 480w, https:\/\/qslconcept.com\/ch\/wp-content\/uploads\/2021\/02\/2101GiftsHome-600x399.jpg 600w\" sizes=\"(max-width: 813px) 100vw, 813px\" \/>\t\t\t\t\t\t\t\t<\/a>\n\t\t\t\t\t\t\t\t\t\t\t\t\t\t\t<\/div>\n\t\t\t\t<\/div>\n\t\t\t\t<div class=\"elementor-element elementor-element-589ed11 elementor-widget elementor-widget-text-editor\" data-id=\"589ed11\" data-element_type=\"widget\" data-widget_type=\"text-editor.default\">\n\t\t\t\t<div class=\"elementor-widget-container\">\n\t\t\t\t\t\t\t\t\t<p style=\"text-align: center;\"><a href=\"product-category\/gifts\/\"><b>CADEAUX<\/b><\/a><\/p>\n<p style=\"text-align: center;\"><a href=\"product\/gifts\/\"><span style=\"background-color: transparent;\">Cadeaux personnalis\u00e9s et cartes cadeau pour toute occasion, pour vos amis, famille et contacts.<\/span><\/a><\/p>\t\t\t\t\t\t\t\t<\/div>\n\t\t\t\t<\/div>\n\t\t\t\t\t<\/div>\n\t\t<\/div>\n\t\t\t\t\t<\/div>\n\t\t<\/section>\n\t\t\t\t\t<\/div>\n\t\t<\/div>\n\t\t\t\t\t<\/div>\n\t\t<\/section>\n\t\t\t\t<section class=\"elementor-section elementor-top-section elementor-element elementor-element-6873e16 elementor-section-boxed elementor-section-height-default elementor-section-height-default\" data-id=\"6873e16\" data-element_type=\"section\">\n\t\t\t\t\t\t<div class=\"elementor-container elementor-column-gap-default\">\n\t\t\t\t\t<div class=\"elementor-column elementor-col-100 elementor-top-column elementor-element elementor-element-0e71da8\" data-id=\"0e71da8\" data-element_type=\"column\">\n\t\t\t<div class=\"elementor-widget-wrap elementor-element-populated\">\n\t\t\t\t\t\t<div class=\"elementor-element elementor-element-b7689f6 elementor-widget-divider--view-line elementor-widget elementor-widget-divider\" data-id=\"b7689f6\" data-element_type=\"widget\" data-widget_type=\"divider.default\">\n\t\t\t\t<div class=\"elementor-widget-container\">\n\t\t\t\t\t\t\t<div class=\"elementor-divider\">\n\t\t\t<span class=\"elementor-divider-separator\">\n\t\t\t\t\t\t<\/span>\n\t\t<\/div>\n\t\t\t\t\t\t<\/div>\n\t\t\t\t<\/div>\n\t\t\t\t<div class=\"elementor-element elementor-element-0fd7ced elementor-widget elementor-widget-text-editor\" data-id=\"0fd7ced\" data-element_type=\"widget\" data-widget_type=\"text-editor.default\">\n\t\t\t\t<div class=\"elementor-widget-container\">\n\t\t\t\t\t\t\t\t\t<h5 style=\"text-align: center;\">\u00a0<\/h5><h5 style=\"text-align: center;\">QSL CONCEPT.\u00a0YOUR PRINTING CHOICE FOR QSL CARDS&#8230; AND MUCH MORE!<\/h5><div>\u00a0<\/div><p><b>Our Products.<br \/><\/b>Our products are all about you. We will custom design your printed document until you are happy with the design. Whether you&#8217;re using a template or uploading your files for a custom layout from scratch, we are committed to offering the highest quality products. QSL Concept prints stunning QSL Cards that will leave a lasting impression.<\/p><p><b>Buy It Today. We print 2-4 Business Days.<br \/><\/b>QSL Concept stands alone in the industry when it comes to delivery. Printing turnaround time is 2 to 4 business days<\/p><p><span style=\"background-color: transparent;\"><b>We print in the Switzerland.<br \/><\/b><\/span><span style=\"background-color: transparent;\">Most products we deliver in Switzerland are printed in our printing facility in Switzerland, and ship from there.<\/span><\/p><p><b>QSL Concept For Ham Radio Operators.<br \/><\/b>We will lay your files out and custom design your next QSL Cards. QSL Concept also carries a full range of personalized gifts for yourself or your friends.<br \/>You want to give away a set of custom designed QSL Cards, send a Gift Card to your friends and customers.<\/p><p><b style=\"background-color: transparent;\">QSL Concept For Radio Clubs.<br \/><\/b><span style=\"background-color: transparent;\">QSL Concept provides every printed items for hamfests and ham radio events: Flyers, Posters, Laneyards, Banners, Retractable Banners, and many more items.<\/span><\/p><p><span style=\"background-color: transparent;\"><b>QSL Concept For Businesses.<br \/><\/b><\/span><span style=\"background-color: transparent;\">Focus on your business, we will take care of the printing. From business cards to multi pages booklets, and large format items such as banners or floor stickers<\/span><\/p>\t\t\t\t\t\t\t\t<\/div>\n\t\t\t\t<\/div>\n\t\t\t\t\t<\/div>\n\t\t<\/div>\n\t\t\t\t\t<\/div>\n\t\t<\/section>\n\t\t\t\t<\/div>\n\t\t","protected":false},"excerpt":{"rendered":"<p>FREE LAYOUT DESIGN FREE SHIPPING FREE FILE CHECK COVID-19: QSL Concept cares and continues to remain operational in Switzerland, in Liechtenstein, and around the world PRODUCTS CARTES QSL Nous imprimons vos cartes QSL sur papier ECO 300g semi-rigide, ou sur papier PREMIUM rigide 275g, type carte postale. Toutes nos cartes sont 100% personalis\u00e9es, et imprim\u00e9es [&hellip;]<\/p>\n","protected":false},"author":1,"featured_media":0,"parent":0,"menu_order":0,"comment_status":"closed","ping_status":"closed","template":"page-templates\/page_front-page.php","meta":{"footnotes":""},"class_list":["post-897","page","type-page","status-publish","hentry"],"_links":{"self":[{"href":"https:\/\/qslconcept.com\/ch\/wp-json\/wp\/v2\/pages\/897","targetHints":{"allow":["GET"]}}],"collection":[{"href":"https:\/\/qslconcept.com\/ch\/wp-json\/wp\/v2\/pages"}],"about":[{"href":"https:\/\/qslconcept.com\/ch\/wp-json\/wp\/v2\/types\/page"}],"author":[{"embeddable":true,"href":"https:\/\/qslconcept.com\/ch\/wp-json\/wp\/v2\/users\/1"}],"replies":[{"embeddable":true,"href":"https:\/\/qslconcept.com\/ch\/wp-json\/wp\/v2\/comments?post=897"}],"version-history":[{"count":4,"href":"https:\/\/qslconcept.com\/ch\/wp-json\/wp\/v2\/pages\/897\/revisions"}],"predecessor-version":[{"id":1118,"href":"https:\/\/qslconcept.com\/ch\/wp-json\/wp\/v2\/pages\/897\/revisions\/1118"}],"wp:attachment":[{"href":"https:\/\/qslconcept.com\/ch\/wp-json\/wp\/v2\/media?parent=897"}],"curies":[{"name":"wp","href":"https:\/\/api.w.org\/{rel}","templated":true}]}}